{"id":10,"date":"2025-03-13T13:32:24","date_gmt":"2025-03-13T16:32:24","guid":{"rendered":"https:\/\/mdpsportnutrition.com.br\/?page_id=10"},"modified":"2025-05-12T20:55:33","modified_gmt":"2025-05-12T23:55:33","slug":"pagina-principal","status":"publish","type":"page","link":"https:\/\/mdpsportnutrition.com.br\/","title":{"rendered":"P\u00e1gina Inicial"},"content":{"rendered":"\t\t<div data-elementor-type=\"wp-page\" data-elementor-id=\"10\" class=\"elementor elementor-10\">\n\t\t\t\t<div class=\"elementor-element elementor-element-511e118 e-flex e-con-boxed e-con e-parent\" data-id=\"511e118\" data-element_type=\"container\" data-e-type=\"container\">\n\t\t\t\t\t<div class=\"e-con-inner\">\n\t\t\t\t<div class=\"elementor-element elementor-element-3e36aa3 elementor-widget elementor-widget-heading\" data-id=\"3e36aa3\" data-element_type=\"widget\" data-e-type=\"widget\" data-widget_type=\"heading.default\">\n\t\t\t\t<div class=\"elementor-widget-container\">\n\t\t\t\t\t<h2 class=\"elementor-heading-title elementor-size-default\">CONHE\u00c7A TODA A LINHA MDP<\/h2>\t\t\t\t<\/div>\n\t\t\t\t<\/div>\n\t\t\t\t\t<\/div>\n\t\t\t\t<\/div>\n\t\t<div class=\"elementor-element elementor-element-8dd6d63 e-flex e-con-boxed e-con e-parent\" data-id=\"8dd6d63\" data-element_type=\"container\" data-e-type=\"container\">\n\t\t\t\t\t<div class=\"e-con-inner\">\n\t\t\t\t<div class=\"elementor-element elementor-element-e4a4473 elementor-widget-divider--view-line elementor-widget elementor-widget-divider\" data-id=\"e4a4473\" data-element_type=\"widget\" data-e-type=\"widget\" data-widget_type=\"divider.default\">\n\t\t\t\t<div class=\"elementor-widget-container\">\n\t\t\t\t\t\t\t<div class=\"elementor-divider\">\n\t\t\t<span class=\"elementor-divider-separator\">\n\t\t\t\t\t\t<\/span>\n\t\t<\/div>\n\t\t\t\t\t\t<\/div>\n\t\t\t\t<\/div>\n\t\t\t\t\t<\/div>\n\t\t\t\t<\/div>\n\t\t<div class=\"elementor-element elementor-element-aac840a e-grid e-con-boxed e-con e-parent\" data-id=\"aac840a\" data-element_type=\"container\" data-e-type=\"container\">\n\t\t\t\t\t<div class=\"e-con-inner\">\n\t\t\t\t<div class=\"elementor-element elementor-element-34bab8e elementor-widget elementor-widget-image\" data-id=\"34bab8e\" data-element_type=\"widget\" data-e-type=\"widget\" data-widget_type=\"image.default\">\n\t\t\t\t<div class=\"elementor-widget-container\">\n\t\t\t\t\t\t\t\t\t\t\t\t\t\t\t\t<a href=\"https:\/\/loja.mdpsportnutrition.com.br\/\">\n\t\t\t\t\t\t\t<img fetchpriority=\"high\" decoding=\"async\" width=\"1280\" height=\"850\" src=\"https:\/\/mdpsportnutrition.com.br\/wp-content\/uploads\/2025\/05\/img-bloc01a.png\" class=\"attachment-full size-full wp-image-303\" alt=\"\" srcset=\"https:\/\/mdpsportnutrition.com.br\/wp-content\/uploads\/2025\/05\/img-bloc01a.png 1280w, https:\/\/mdpsportnutrition.com.br\/wp-content\/uploads\/2025\/05\/img-bloc01a-300x199.png 300w, https:\/\/mdpsportnutrition.com.br\/wp-content\/uploads\/2025\/05\/img-bloc01a-1024x680.png 1024w, https:\/\/mdpsportnutrition.com.br\/wp-content\/uploads\/2025\/05\/img-bloc01a-768x510.png 768w, https:\/\/mdpsportnutrition.com.br\/wp-content\/uploads\/2025\/05\/img-bloc01a-1000x664.png 1000w, https:\/\/mdpsportnutrition.com.br\/wp-content\/uploads\/2025\/05\/img-bloc01a-230x153.png 230w, https:\/\/mdpsportnutrition.com.br\/wp-content\/uploads\/2025\/05\/img-bloc01a-350x232.png 350w, https:\/\/mdpsportnutrition.com.br\/wp-content\/uploads\/2025\/05\/img-bloc01a-480x319.png 480w\" sizes=\"(max-width: 1280px) 100vw, 1280px\" \/>\t\t\t\t\t\t\t\t<\/a>\n\t\t\t\t\t\t\t\t\t\t\t\t\t\t\t<\/div>\n\t\t\t\t<\/div>\n\t\t\t\t<div class=\"elementor-element elementor-element-a4b408b elementor-widget elementor-widget-image\" data-id=\"a4b408b\" data-element_type=\"widget\" data-e-type=\"widget\" data-widget_type=\"image.default\">\n\t\t\t\t<div class=\"elementor-widget-container\">\n\t\t\t\t\t\t\t\t\t\t\t\t\t\t\t\t<a href=\"https:\/\/loja.mdpsportnutrition.com.br\/\">\n\t\t\t\t\t\t\t<img decoding=\"async\" width=\"1280\" height=\"850\" src=\"https:\/\/mdpsportnutrition.com.br\/wp-content\/uploads\/2025\/05\/img-bloc02a.png\" class=\"attachment-full size-full wp-image-304\" alt=\"\" srcset=\"https:\/\/mdpsportnutrition.com.br\/wp-content\/uploads\/2025\/05\/img-bloc02a.png 1280w, https:\/\/mdpsportnutrition.com.br\/wp-content\/uploads\/2025\/05\/img-bloc02a-300x199.png 300w, https:\/\/mdpsportnutrition.com.br\/wp-content\/uploads\/2025\/05\/img-bloc02a-1024x680.png 1024w, https:\/\/mdpsportnutrition.com.br\/wp-content\/uploads\/2025\/05\/img-bloc02a-768x510.png 768w, https:\/\/mdpsportnutrition.com.br\/wp-content\/uploads\/2025\/05\/img-bloc02a-1000x664.png 1000w, https:\/\/mdpsportnutrition.com.br\/wp-content\/uploads\/2025\/05\/img-bloc02a-230x153.png 230w, https:\/\/mdpsportnutrition.com.br\/wp-content\/uploads\/2025\/05\/img-bloc02a-350x232.png 350w, https:\/\/mdpsportnutrition.com.br\/wp-content\/uploads\/2025\/05\/img-bloc02a-480x319.png 480w\" sizes=\"(max-width: 1280px) 100vw, 1280px\" \/>\t\t\t\t\t\t\t\t<\/a>\n\t\t\t\t\t\t\t\t\t\t\t\t\t\t\t<\/div>\n\t\t\t\t<\/div>\n\t\t\t\t<div class=\"elementor-element elementor-element-9af953d elementor-widget elementor-widget-image\" data-id=\"9af953d\" data-element_type=\"widget\" data-e-type=\"widget\" data-widget_type=\"image.default\">\n\t\t\t\t<div class=\"elementor-widget-container\">\n\t\t\t\t\t\t\t\t\t\t\t\t\t\t\t\t<a href=\"https:\/\/loja.mdpsportnutrition.com.br\/\">\n\t\t\t\t\t\t\t<img decoding=\"async\" width=\"1024\" height=\"680\" src=\"https:\/\/mdpsportnutrition.com.br\/wp-content\/uploads\/2025\/05\/img-bloc03a-1024x680.png\" class=\"attachment-large size-large wp-image-305\" alt=\"\" srcset=\"https:\/\/mdpsportnutrition.com.br\/wp-content\/uploads\/2025\/05\/img-bloc03a-1024x680.png 1024w, https:\/\/mdpsportnutrition.com.br\/wp-content\/uploads\/2025\/05\/img-bloc03a-300x199.png 300w, https:\/\/mdpsportnutrition.com.br\/wp-content\/uploads\/2025\/05\/img-bloc03a-768x510.png 768w, https:\/\/mdpsportnutrition.com.br\/wp-content\/uploads\/2025\/05\/img-bloc03a-1000x664.png 1000w, https:\/\/mdpsportnutrition.com.br\/wp-content\/uploads\/2025\/05\/img-bloc03a-230x153.png 230w, https:\/\/mdpsportnutrition.com.br\/wp-content\/uploads\/2025\/05\/img-bloc03a-350x232.png 350w, https:\/\/mdpsportnutrition.com.br\/wp-content\/uploads\/2025\/05\/img-bloc03a-480x319.png 480w, https:\/\/mdpsportnutrition.com.br\/wp-content\/uploads\/2025\/05\/img-bloc03a.png 1280w\" sizes=\"(max-width: 1024px) 100vw, 1024px\" \/>\t\t\t\t\t\t\t\t<\/a>\n\t\t\t\t\t\t\t\t\t\t\t\t\t\t\t<\/div>\n\t\t\t\t<\/div>\n\t\t\t\t\t<\/div>\n\t\t\t\t<\/div>\n\t\t<div class=\"elementor-element elementor-element-f32d880 e-flex e-con-boxed e-con e-parent\" data-id=\"f32d880\" data-element_type=\"container\" data-e-type=\"container\" data-settings=\"{&quot;background_background&quot;:&quot;classic&quot;}\">\n\t\t\t\t\t<div class=\"e-con-inner\">\n\t\t<div class=\"elementor-element elementor-element-7f617c6 e-con-full e-flex e-con e-child\" data-id=\"7f617c6\" data-element_type=\"container\" data-e-type=\"container\">\n\t\t\t\t<div class=\"elementor-element elementor-element-8610694 elementor-widget elementor-widget-heading\" data-id=\"8610694\" data-element_type=\"widget\" data-e-type=\"widget\" data-widget_type=\"heading.default\">\n\t\t\t\t<div class=\"elementor-widget-container\">\n\t\t\t\t\t<h3 class=\"elementor-heading-title elementor-size-default\">ALIMENTE SUA FOR\u00c7A<\/h3>\t\t\t\t<\/div>\n\t\t\t\t<\/div>\n\t\t\t\t<div class=\"elementor-element elementor-element-36ffd54 elementor-widget elementor-widget-text-editor\" data-id=\"36ffd54\" data-element_type=\"widget\" data-e-type=\"widget\" data-widget_type=\"text-editor.default\">\n\t\t\t\t<div class=\"elementor-widget-container\">\n\t\t\t\t\t\t\t\t\t<p>Descubra a linha de suplementos desenvolvida por quem entende do que seu corpo realmente precisa.&nbsp;<\/p>\n<p>Mais do que suplementos \u2014 \u00e9 estrat\u00e9gia, recupera\u00e7\u00e3o e performance no seu treino. A linha MDP Sport Nutrition foi desenvolvida para quem exige resultados reais: ganho de massa muscular, melhora na resist\u00eancia, foco mental e recupera\u00e7\u00e3o acelerada. Tudo com a qualidade de quem vive o esporte no mais alto n\u00edvel.<\/p>\t\t\t\t\t\t\t\t<\/div>\n\t\t\t\t<\/div>\n\t\t\t\t<div class=\"elementor-element elementor-element-5bfb865 elementor-icon-list--layout-traditional elementor-list-item-link-full_width elementor-widget elementor-widget-icon-list\" data-id=\"5bfb865\" data-element_type=\"widget\" data-e-type=\"widget\" data-widget_type=\"icon-list.default\">\n\t\t\t\t<div class=\"elementor-widget-container\">\n\t\t\t\t\t\t\t<ul class=\"elementor-icon-list-items\">\n\t\t\t\t\t\t\t<li class=\"elementor-icon-list-item\">\n\t\t\t\t\t\t\t\t\t\t\t<span class=\"elementor-icon-list-icon\">\n\t\t\t\t\t\t\t<svg aria-hidden=\"true\" class=\"e-font-icon-svg e-fas-check\" viewBox=\"0 0 512 512\" xmlns=\"http:\/\/www.w3.org\/2000\/svg\"><path d=\"M173.898 439.404l-166.4-166.4c-9.997-9.997-9.997-26.206 0-36.204l36.203-36.204c9.997-9.998 26.207-9.998 36.204 0L192 312.69 432.095 72.596c9.997-9.997 26.207-9.997 36.204 0l36.203 36.204c9.997 9.997 9.997 26.206 0 36.204l-294.4 294.401c-9.998 9.997-26.207 9.997-36.204-.001z\"><\/path><\/svg>\t\t\t\t\t\t<\/span>\n\t\t\t\t\t\t\t\t\t\t<span class=\"elementor-icon-list-text\">Praticantes de muscula\u00e7\u00e3o <\/span>\n\t\t\t\t\t\t\t\t\t<\/li>\n\t\t\t\t\t\t\t\t<li class=\"elementor-icon-list-item\">\n\t\t\t\t\t\t\t\t\t\t\t<span class=\"elementor-icon-list-icon\">\n\t\t\t\t\t\t\t<svg aria-hidden=\"true\" class=\"e-font-icon-svg e-fas-check\" viewBox=\"0 0 512 512\" xmlns=\"http:\/\/www.w3.org\/2000\/svg\"><path d=\"M173.898 439.404l-166.4-166.4c-9.997-9.997-9.997-26.206 0-36.204l36.203-36.204c9.997-9.998 26.207-9.998 36.204 0L192 312.69 432.095 72.596c9.997-9.997 26.207-9.997 36.204 0l36.203 36.204c9.997 9.997 9.997 26.206 0 36.204l-294.4 294.401c-9.998 9.997-26.207 9.997-36.204-.001z\"><\/path><\/svg>\t\t\t\t\t\t<\/span>\n\t\t\t\t\t\t\t\t\t\t<span class=\"elementor-icon-list-text\">CrossFit<\/span>\n\t\t\t\t\t\t\t\t\t<\/li>\n\t\t\t\t\t\t\t\t<li class=\"elementor-icon-list-item\">\n\t\t\t\t\t\t\t\t\t\t\t<span class=\"elementor-icon-list-icon\">\n\t\t\t\t\t\t\t<svg aria-hidden=\"true\" class=\"e-font-icon-svg e-fas-check\" viewBox=\"0 0 512 512\" xmlns=\"http:\/\/www.w3.org\/2000\/svg\"><path d=\"M173.898 439.404l-166.4-166.4c-9.997-9.997-9.997-26.206 0-36.204l36.203-36.204c9.997-9.998 26.207-9.998 36.204 0L192 312.69 432.095 72.596c9.997-9.997 26.207-9.997 36.204 0l36.203 36.204c9.997 9.997 9.997 26.206 0 36.204l-294.4 294.401c-9.998 9.997-26.207 9.997-36.204-.001z\"><\/path><\/svg>\t\t\t\t\t\t<\/span>\n\t\t\t\t\t\t\t\t\t\t<span class=\"elementor-icon-list-text\">Ciclistas e triatletas <\/span>\n\t\t\t\t\t\t\t\t\t<\/li>\n\t\t\t\t\t\t\t\t<li class=\"elementor-icon-list-item\">\n\t\t\t\t\t\t\t\t\t\t\t<span class=\"elementor-icon-list-icon\">\n\t\t\t\t\t\t\t<svg aria-hidden=\"true\" class=\"e-font-icon-svg e-fas-check\" viewBox=\"0 0 512 512\" xmlns=\"http:\/\/www.w3.org\/2000\/svg\"><path d=\"M173.898 439.404l-166.4-166.4c-9.997-9.997-9.997-26.206 0-36.204l36.203-36.204c9.997-9.998 26.207-9.998 36.204 0L192 312.69 432.095 72.596c9.997-9.997 26.207-9.997 36.204 0l36.203 36.204c9.997 9.997 9.997 26.206 0 36.204l-294.4 294.401c-9.998 9.997-26.207 9.997-36.204-.001z\"><\/path><\/svg>\t\t\t\t\t\t<\/span>\n\t\t\t\t\t\t\t\t\t\t<span class=\"elementor-icon-list-text\">Lutadores<\/span>\n\t\t\t\t\t\t\t\t\t<\/li>\n\t\t\t\t\t\t<\/ul>\n\t\t\t\t\t\t<\/div>\n\t\t\t\t<\/div>\n\t\t\t\t<\/div>\n\t\t<div class=\"elementor-element elementor-element-fd14dce e-con-full e-flex e-con e-child\" data-id=\"fd14dce\" data-element_type=\"container\" data-e-type=\"container\">\n\t\t\t\t<\/div>\n\t\t\t\t\t<\/div>\n\t\t\t\t<\/div>\n\t\t<div class=\"elementor-element elementor-element-1dece20 e-flex e-con-boxed e-con e-parent\" data-id=\"1dece20\" data-element_type=\"container\" data-e-type=\"container\">\n\t\t\t\t\t<div class=\"e-con-inner\">\n\t\t\t\t<div class=\"elementor-element elementor-element-d702964 elementor-align-center elementor-widget elementor-widget-button\" data-id=\"d702964\" data-element_type=\"widget\" data-e-type=\"widget\" data-widget_type=\"button.default\">\n\t\t\t\t<div class=\"elementor-widget-container\">\n\t\t\t\t\t\t\t\t\t<div class=\"elementor-button-wrapper\">\n\t\t\t\t\t<a class=\"elementor-button elementor-button-link elementor-size-sm elementor-animation-bounce-in\" href=\"https:\/\/loja.mdpsportnutrition.com.br\/\">\n\t\t\t\t\t\t<span class=\"elementor-button-content-wrapper\">\n\t\t\t\t\t\t<span class=\"elementor-button-icon\">\n\t\t\t\t<svg aria-hidden=\"true\" class=\"e-font-icon-svg e-fas-cart-arrow-down\" viewBox=\"0 0 576 512\" xmlns=\"http:\/\/www.w3.org\/2000\/svg\"><path d=\"M504.717 320H211.572l6.545 32h268.418c15.401 0 26.816 14.301 23.403 29.319l-5.517 24.276C523.112 414.668 536 433.828 536 456c0 31.202-25.519 56.444-56.824 55.994-29.823-.429-54.35-24.631-55.155-54.447-.44-16.287 6.085-31.049 16.803-41.548H231.176C241.553 426.165 248 440.326 248 456c0 31.813-26.528 57.431-58.67 55.938-28.54-1.325-51.751-24.385-53.251-52.917-1.158-22.034 10.436-41.455 28.051-51.586L93.883 64H24C10.745 64 0 53.255 0 40V24C0 10.745 10.745 0 24 0h102.529c11.401 0 21.228 8.021 23.513 19.19L159.208 64H551.99c15.401 0 26.816 14.301 23.403 29.319l-47.273 208C525.637 312.246 515.923 320 504.717 320zM403.029 192H360v-60c0-6.627-5.373-12-12-12h-24c-6.627 0-12 5.373-12 12v60h-43.029c-10.691 0-16.045 12.926-8.485 20.485l67.029 67.029c4.686 4.686 12.284 4.686 16.971 0l67.029-67.029c7.559-7.559 2.205-20.485-8.486-20.485z\"><\/path><\/svg>\t\t\t<\/span>\n\t\t\t\t\t\t\t\t\t<span class=\"elementor-button-text\">ACESSAR LOJA<\/span>\n\t\t\t\t\t<\/span>\n\t\t\t\t\t<\/a>\n\t\t\t\t<\/div>\n\t\t\t\t\t\t\t\t<\/div>\n\t\t\t\t<\/div>\n\t\t\t\t\t<\/div>\n\t\t\t\t<\/div>\n\t\t<div class=\"elementor-element elementor-element-f2dc356 e-flex e-con-boxed e-con e-parent\" data-id=\"f2dc356\" data-element_type=\"container\" data-e-type=\"container\">\n\t\t\t\t\t<div class=\"e-con-inner\">\n\t\t\t\t<div class=\"elementor-element elementor-element-d7e76f4 elementor-widget-divider--view-line elementor-widget elementor-widget-divider\" data-id=\"d7e76f4\" data-element_type=\"widget\" data-e-type=\"widget\" data-widget_type=\"divider.default\">\n\t\t\t\t<div class=\"elementor-widget-container\">\n\t\t\t\t\t\t\t<div class=\"elementor-divider\">\n\t\t\t<span class=\"elementor-divider-separator\">\n\t\t\t\t\t\t<\/span>\n\t\t<\/div>\n\t\t\t\t\t\t<\/div>\n\t\t\t\t<\/div>\n\t\t\t\t\t<\/div>\n\t\t\t\t<\/div>\n\t\t<div class=\"elementor-element elementor-element-7924145 e-flex e-con-boxed e-con e-parent\" data-id=\"7924145\" data-element_type=\"container\" data-e-type=\"container\">\n\t\t\t\t\t<div class=\"e-con-inner\">\n\t\t\t\t<div class=\"elementor-element elementor-element-ac476f8 elementor-widget elementor-widget-heading\" data-id=\"ac476f8\" data-element_type=\"widget\" data-e-type=\"widget\" data-widget_type=\"heading.default\">\n\t\t\t\t<div class=\"elementor-widget-container\">\n\t\t\t\t\t<h2 class=\"elementor-heading-title elementor-size-default\">CONHE\u00c7A MAIS SOBRE MARCELO DE PAULA<\/h2>\t\t\t\t<\/div>\n\t\t\t\t<\/div>\n\t\t\t\t\t<\/div>\n\t\t\t\t<\/div>\n\t\t<div class=\"elementor-element elementor-element-1066a17 e-flex e-con-boxed e-con e-parent\" data-id=\"1066a17\" data-element_type=\"container\" data-e-type=\"container\">\n\t\t\t\t\t<div class=\"e-con-inner\">\n\t\t\t\t<div class=\"elementor-element elementor-element-6c465d0 elementor-widget elementor-widget-image\" data-id=\"6c465d0\" data-element_type=\"widget\" data-e-type=\"widget\" data-widget_type=\"image.default\">\n\t\t\t\t<div class=\"elementor-widget-container\">\n\t\t\t\t\t\t\t\t\t\t\t\t\t\t\t<img loading=\"lazy\" decoding=\"async\" width=\"1024\" height=\"680\" src=\"https:\/\/mdpsportnutrition.com.br\/wp-content\/uploads\/2025\/05\/img-bloco-sobre-1024x680.png\" class=\"attachment-large size-large wp-image-348\" alt=\"\" srcset=\"https:\/\/mdpsportnutrition.com.br\/wp-content\/uploads\/2025\/05\/img-bloco-sobre-1024x680.png 1024w, https:\/\/mdpsportnutrition.com.br\/wp-content\/uploads\/2025\/05\/img-bloco-sobre-300x199.png 300w, https:\/\/mdpsportnutrition.com.br\/wp-content\/uploads\/2025\/05\/img-bloco-sobre-768x510.png 768w, https:\/\/mdpsportnutrition.com.br\/wp-content\/uploads\/2025\/05\/img-bloco-sobre-1000x664.png 1000w, https:\/\/mdpsportnutrition.com.br\/wp-content\/uploads\/2025\/05\/img-bloco-sobre-230x153.png 230w, https:\/\/mdpsportnutrition.com.br\/wp-content\/uploads\/2025\/05\/img-bloco-sobre-350x232.png 350w, https:\/\/mdpsportnutrition.com.br\/wp-content\/uploads\/2025\/05\/img-bloco-sobre-480x319.png 480w, https:\/\/mdpsportnutrition.com.br\/wp-content\/uploads\/2025\/05\/img-bloco-sobre.png 1280w\" sizes=\"(max-width: 1024px) 100vw, 1024px\" \/>\t\t\t\t\t\t\t\t\t\t\t\t\t\t\t<\/div>\n\t\t\t\t<\/div>\n\t\t\t\t\t<\/div>\n\t\t\t\t<\/div>\n\t\t<div class=\"elementor-element elementor-element-e20dc4d e-flex e-con-boxed e-con e-parent\" data-id=\"e20dc4d\" data-element_type=\"container\" data-e-type=\"container\">\n\t\t\t\t\t<div class=\"e-con-inner\">\n\t\t\t\t<div class=\"elementor-element elementor-element-63ad92e elementor-align-center elementor-widget elementor-widget-button\" data-id=\"63ad92e\" data-element_type=\"widget\" data-e-type=\"widget\" data-widget_type=\"button.default\">\n\t\t\t\t<div class=\"elementor-widget-container\">\n\t\t\t\t\t\t\t\t\t<div class=\"elementor-button-wrapper\">\n\t\t\t\t\t<a class=\"elementor-button elementor-button-link elementor-size-sm elementor-animation-bounce-in\" href=\"https:\/\/mdpsportnutrition.com.br\/?page_id=318\">\n\t\t\t\t\t\t<span class=\"elementor-button-content-wrapper\">\n\t\t\t\t\t\t<span class=\"elementor-button-icon\">\n\t\t\t\t<svg aria-hidden=\"true\" class=\"e-font-icon-svg e-fas-info\" viewBox=\"0 0 192 512\" xmlns=\"http:\/\/www.w3.org\/2000\/svg\"><path d=\"M20 424.229h20V279.771H20c-11.046 0-20-8.954-20-20V212c0-11.046 8.954-20 20-20h112c11.046 0 20 8.954 20 20v212.229h20c11.046 0 20 8.954 20 20V492c0 11.046-8.954 20-20 20H20c-11.046 0-20-8.954-20-20v-47.771c0-11.046 8.954-20 20-20zM96 0C56.235 0 24 32.235 24 72s32.235 72 72 72 72-32.235 72-72S135.764 0 96 0z\"><\/path><\/svg>\t\t\t<\/span>\n\t\t\t\t\t\t\t\t\t<span class=\"elementor-button-text\">SAIBA MAIS<\/span>\n\t\t\t\t\t<\/span>\n\t\t\t\t\t<\/a>\n\t\t\t\t<\/div>\n\t\t\t\t\t\t\t\t<\/div>\n\t\t\t\t<\/div>\n\t\t\t\t\t<\/div>\n\t\t\t\t<\/div>\n\t\t<div class=\"elementor-element elementor-element-9ccce40 e-flex e-con-boxed e-con e-parent\" data-id=\"9ccce40\" data-element_type=\"container\" data-e-type=\"container\">\n\t\t\t\t\t<div class=\"e-con-inner\">\n\t\t\t\t<div class=\"elementor-element elementor-element-7e597f4 elementor-widget-divider--view-line elementor-widget elementor-widget-divider\" data-id=\"7e597f4\" data-element_type=\"widget\" data-e-type=\"widget\" data-widget_type=\"divider.default\">\n\t\t\t\t<div class=\"elementor-widget-container\">\n\t\t\t\t\t\t\t<div class=\"elementor-divider\">\n\t\t\t<span class=\"elementor-divider-separator\">\n\t\t\t\t\t\t<\/span>\n\t\t<\/div>\n\t\t\t\t\t\t<\/div>\n\t\t\t\t<\/div>\n\t\t\t\t\t<\/div>\n\t\t\t\t<\/div>\n\t\t<div class=\"elementor-element elementor-element-1be54d9 e-grid e-con-boxed e-con e-parent\" data-id=\"1be54d9\" data-element_type=\"container\" data-e-type=\"container\">\n\t\t\t\t\t<div class=\"e-con-inner\">\n\t\t\t\t<div class=\"elementor-element elementor-element-5958782 elementor-widget elementor-widget-text-editor\" data-id=\"5958782\" data-element_type=\"widget\" data-e-type=\"widget\" data-widget_type=\"text-editor.default\">\n\t\t\t\t<div class=\"elementor-widget-container\">\n\t\t\t\t\t\t\t\t\t<p class=\"\" data-start=\"178\" data-end=\"618\"><strong data-start=\"178\" data-end=\"233\">Transforme seu corpo com quem entende de resultado.<\/strong><br data-start=\"233\" data-end=\"236\" \/>A Consultoria Personalizada com Marcelo de Paula vai al\u00e9m dos treinos tradicionais. Com um m\u00e9todo pr\u00f3prio, desenvolvido ao longo de anos como atleta profissional e treinador, Marcelo oferece orienta\u00e7\u00e3o completa \u2014 desde a rotina de treinos at\u00e9 a estrat\u00e9gia nutricional. Cada plano \u00e9 pensado para entregar resultados reais, de forma segura, eficiente e adaptada ao seu estilo de vida.<\/p><p class=\"\" data-start=\"620\" data-end=\"975\"><strong data-start=\"620\" data-end=\"672\">Experi\u00eancia, t\u00e9cnica e resultado em um s\u00f3 lugar.<\/strong><br data-start=\"672\" data-end=\"675\" \/>Marcelo n\u00e3o treina apenas corpos \u2014 ele transforma mentalidades. Com seu acompanhamento pr\u00f3ximo e sua vis\u00e3o estrat\u00e9gica do fisiculturismo, ele guia cada aluno rumo \u00e0 evolu\u00e7\u00e3o f\u00edsica e mental. Seja voc\u00ea iniciante ou avan\u00e7ado, a consultoria com Marcelo \u00e9 o caminho certo para alcan\u00e7ar sua melhor vers\u00e3o.<\/p>\t\t\t\t\t\t\t\t<\/div>\n\t\t\t\t<\/div>\n\t\t\t\t<div class=\"elementor-element elementor-element-322658e elementor-widget elementor-widget-image\" data-id=\"322658e\" data-element_type=\"widget\" data-e-type=\"widget\" data-widget_type=\"image.default\">\n\t\t\t\t<div class=\"elementor-widget-container\">\n\t\t\t\t\t\t\t\t\t\t\t\t\t\t\t<img loading=\"lazy\" decoding=\"async\" width=\"300\" height=\"450\" src=\"https:\/\/mdpsportnutrition.com.br\/wp-content\/uploads\/2025\/04\/img-consultoria.png\" class=\"attachment-large size-large wp-image-83\" alt=\"\" srcset=\"https:\/\/mdpsportnutrition.com.br\/wp-content\/uploads\/2025\/04\/img-consultoria.png 300w, https:\/\/mdpsportnutrition.com.br\/wp-content\/uploads\/2025\/04\/img-consultoria-200x300.png 200w\" sizes=\"(max-width: 300px) 100vw, 300px\" \/>\t\t\t\t\t\t\t\t\t\t\t\t\t\t\t<\/div>\n\t\t\t\t<\/div>\n\t\t\t\t<div class=\"elementor-element elementor-element-562ecdf elementor-align-center elementor-widget elementor-widget-button\" data-id=\"562ecdf\" data-element_type=\"widget\" data-e-type=\"widget\" data-widget_type=\"button.default\">\n\t\t\t\t<div class=\"elementor-widget-container\">\n\t\t\t\t\t\t\t\t\t<div class=\"elementor-button-wrapper\">\n\t\t\t\t\t<a class=\"elementor-button elementor-button-link elementor-size-sm\" href=\"https:\/\/api.whatsapp.com\/send\/?phone=5534992431492&#038;text&#038;type=phone_number&#038;app_absent=0\">\n\t\t\t\t\t\t<span class=\"elementor-button-content-wrapper\">\n\t\t\t\t\t\t<span class=\"elementor-button-icon\">\n\t\t\t\t<svg aria-hidden=\"true\" class=\"e-font-icon-svg e-fab-whatsapp\" viewBox=\"0 0 448 512\" xmlns=\"http:\/\/www.w3.org\/2000\/svg\"><path d=\"M380.9 97.1C339 55.1 283.2 32 223.9 32c-122.4 0-222 99.6-222 222 0 39.1 10.2 77.3 29.6 111L0 480l117.7-30.9c32.4 17.7 68.9 27 106.1 27h.1c122.3 0 224.1-99.6 224.1-222 0-59.3-25.2-115-67.1-157zm-157 341.6c-33.2 0-65.7-8.9-94-25.7l-6.7-4-69.8 18.3L72 359.2l-4.4-7c-18.5-29.4-28.2-63.3-28.2-98.2 0-101.7 82.8-184.5 184.6-184.5 49.3 0 95.6 19.2 130.4 54.1 34.8 34.9 56.2 81.2 56.1 130.5 0 101.8-84.9 184.6-186.6 184.6zm101.2-138.2c-5.5-2.8-32.8-16.2-37.9-18-5.1-1.9-8.8-2.8-12.5 2.8-3.7 5.6-14.3 18-17.6 21.8-3.2 3.7-6.5 4.2-12 1.4-32.6-16.3-54-29.1-75.5-66-5.7-9.8 5.7-9.1 16.3-30.3 1.8-3.7.9-6.9-.5-9.7-1.4-2.8-12.5-30.1-17.1-41.2-4.5-10.8-9.1-9.3-12.5-9.5-3.2-.2-6.9-.2-10.6-.2-3.7 0-9.7 1.4-14.8 6.9-5.1 5.6-19.4 19-19.4 46.3 0 27.3 19.9 53.7 22.6 57.4 2.8 3.7 39.1 59.7 94.8 83.8 35.2 15.2 49 16.5 66.6 13.9 10.7-1.6 32.8-13.4 37.4-26.4 4.6-13 4.6-24.1 3.2-26.4-1.3-2.5-5-3.9-10.5-6.6z\"><\/path><\/svg>\t\t\t<\/span>\n\t\t\t\t\t\t\t\t\t<span class=\"elementor-button-text\">QUERO TREINAR COM MARCELO<\/span>\n\t\t\t\t\t<\/span>\n\t\t\t\t\t<\/a>\n\t\t\t\t<\/div>\n\t\t\t\t\t\t\t\t<\/div>\n\t\t\t\t<\/div>\n\t\t\t\t\t<\/div>\n\t\t\t\t<\/div>\n\t\t<div class=\"elementor-element elementor-element-bf1eb37 e-flex e-con-boxed e-con e-parent\" data-id=\"bf1eb37\" data-element_type=\"container\" data-e-type=\"container\">\n\t\t\t\t\t<div class=\"e-con-inner\">\n\t\t\t\t\t<\/div>\n\t\t\t\t<\/div>\n\t\t\t\t<\/div>\n\t\t","protected":false},"excerpt":{"rendered":"<p>CONHE\u00c7A TODA A LINHA MDP ALIMENTE SUA FOR\u00c7A Descubra a linha de suplementos desenvolvida por quem entende do que seu corpo realmente [&hellip;]<\/p>\n","protected":false},"author":1,"featured_media":0,"parent":0,"menu_order":0,"comment_status":"closed","ping_status":"closed","template":"","meta":{"footnotes":""},"class_list":["post-10","page","type-page","status-publish","hentry"],"_links":{"self":[{"href":"https:\/\/mdpsportnutrition.com.br\/index.php?rest_route=\/wp\/v2\/pages\/10","targetHints":{"allow":["GET"]}}],"collection":[{"href":"https:\/\/mdpsportnutrition.com.br\/index.php?rest_route=\/wp\/v2\/pages"}],"about":[{"href":"https:\/\/mdpsportnutrition.com.br\/index.php?rest_route=\/wp\/v2\/types\/page"}],"author":[{"embeddable":true,"href":"https:\/\/mdpsportnutrition.com.br\/index.php?rest_route=\/wp\/v2\/users\/1"}],"replies":[{"embeddable":true,"href":"https:\/\/mdpsportnutrition.com.br\/index.php?rest_route=%2Fwp%2Fv2%2Fcomments&post=10"}],"version-history":[{"count":82,"href":"https:\/\/mdpsportnutrition.com.br\/index.php?rest_route=\/wp\/v2\/pages\/10\/revisions"}],"predecessor-version":[{"id":354,"href":"https:\/\/mdpsportnutrition.com.br\/index.php?rest_route=\/wp\/v2\/pages\/10\/revisions\/354"}],"wp:attachment":[{"href":"https:\/\/mdpsportnutrition.com.br\/index.php?rest_route=%2Fwp%2Fv2%2Fmedia&parent=10"}],"curies":[{"name":"wp","href":"https:\/\/api.w.org\/{rel}","templated":true}]}}