{"id":318,"date":"2025-05-12T19:54:03","date_gmt":"2025-05-12T22:54:03","guid":{"rendered":"https:\/\/mdpsportnutrition.com.br\/?page_id=318"},"modified":"2025-05-12T20:21:45","modified_gmt":"2025-05-12T23:21:45","slug":"sobre","status":"publish","type":"page","link":"https:\/\/mdpsportnutrition.com.br\/?page_id=318","title":{"rendered":"Sobre"},"content":{"rendered":"\t\t<div data-elementor-type=\"wp-page\" data-elementor-id=\"318\" class=\"elementor elementor-318\">\n\t\t\t\t<div class=\"elementor-element elementor-element-4050607 e-flex e-con-boxed e-con e-parent\" data-id=\"4050607\" data-element_type=\"container\" data-e-type=\"container\">\n\t\t\t\t\t<div class=\"e-con-inner\">\n\t\t\t\t<div class=\"elementor-element elementor-element-f7be3e0 elementor-widget elementor-widget-heading\" data-id=\"f7be3e0\" data-element_type=\"widget\" data-e-type=\"widget\" data-widget_type=\"heading.default\">\n\t\t\t\t<div class=\"elementor-widget-container\">\n\t\t\t\t\t<h2 class=\"elementor-heading-title elementor-size-default\"><h2 data-elementor-setting-key=\"title\" data-pen-placeholder=\"Digite aqui...\">CONHE\u00c7A MAIS SOBRE MARCELO DE PAULA<span style=\"color: var(--sydney-headings-color);text-align: var(--text-align)\"><\/span><\/h2><\/h2>\t\t\t\t<\/div>\n\t\t\t\t<\/div>\n\t\t\t\t\t<\/div>\n\t\t\t\t<\/div>\n\t\t<div class=\"elementor-element elementor-element-09e8311 e-flex e-con-boxed e-con e-parent\" data-id=\"09e8311\" data-element_type=\"container\" data-e-type=\"container\">\n\t\t\t\t\t<div class=\"e-con-inner\">\n\t\t<div class=\"elementor-element elementor-element-12dd414 e-con-full e-flex e-con e-child\" data-id=\"12dd414\" data-element_type=\"container\" data-e-type=\"container\">\n\t\t\t\t<div class=\"elementor-element elementor-element-a732325 elementor-widget elementor-widget-image\" data-id=\"a732325\" data-element_type=\"widget\" data-e-type=\"widget\" data-widget_type=\"image.default\">\n\t\t\t\t<div class=\"elementor-widget-container\">\n\t\t\t\t\t\t\t\t\t\t\t\t\t\t\t<img fetchpriority=\"high\" decoding=\"async\" width=\"1024\" height=\"680\" src=\"https:\/\/mdpsportnutrition.com.br\/wp-content\/uploads\/2025\/05\/img-bloc05a-1024x680.png\" class=\"attachment-large size-large wp-image-328\" alt=\"\" srcset=\"https:\/\/mdpsportnutrition.com.br\/wp-content\/uploads\/2025\/05\/img-bloc05a-1024x680.png 1024w, https:\/\/mdpsportnutrition.com.br\/wp-content\/uploads\/2025\/05\/img-bloc05a-300x199.png 300w, https:\/\/mdpsportnutrition.com.br\/wp-content\/uploads\/2025\/05\/img-bloc05a-768x510.png 768w, https:\/\/mdpsportnutrition.com.br\/wp-content\/uploads\/2025\/05\/img-bloc05a-1000x664.png 1000w, https:\/\/mdpsportnutrition.com.br\/wp-content\/uploads\/2025\/05\/img-bloc05a-230x153.png 230w, https:\/\/mdpsportnutrition.com.br\/wp-content\/uploads\/2025\/05\/img-bloc05a-350x232.png 350w, https:\/\/mdpsportnutrition.com.br\/wp-content\/uploads\/2025\/05\/img-bloc05a-480x319.png 480w, https:\/\/mdpsportnutrition.com.br\/wp-content\/uploads\/2025\/05\/img-bloc05a.png 1280w\" sizes=\"(max-width: 1024px) 100vw, 1024px\" \/>\t\t\t\t\t\t\t\t\t\t\t\t\t\t\t<\/div>\n\t\t\t\t<\/div>\n\t\t\t\t<\/div>\n\t\t<div class=\"elementor-element elementor-element-dbd76f8 e-con-full e-flex e-con e-child\" data-id=\"dbd76f8\" data-element_type=\"container\" data-e-type=\"container\">\n\t\t\t\t<div class=\"elementor-element elementor-element-fd39836 elementor-widget elementor-widget-text-editor\" data-id=\"fd39836\" data-element_type=\"widget\" data-e-type=\"widget\" data-widget_type=\"text-editor.default\">\n\t\t\t\t<div class=\"elementor-widget-container\">\n\t\t\t\t\t\t\t\t\t<p><span style=\"font-weight: 600; text-align: var(--text-align); color: var(--sydney-text-color);\" data-start=\"174\" data-end=\"241\">Marcelo de Paula \u00e9 uma lenda viva do fisiculturismo brasileiro.<\/span><span style=\"text-align: var(--text-align); color: var(--sydney-text-color);\">\u00a0Sua presen\u00e7a marcante nos palcos<\/span>\u00a0chama a aten\u00e7\u00e3o por sua impon\u00eancia f\u00edsica e excel\u00eancia intelectual. Considerado uma das maiores figuras do fisiculturismo brasileiro. Com uma trajet\u00f3ria constru\u00edda a partir de muito esfor\u00e7o, t\u00e9cnica e paix\u00e3o pelo esporte, Marcelo conquistou admiradores em todo o Brasil e fora dele, tornando-se refer\u00eancia dentro e fora das competi\u00e7\u00f5es.<\/p><p>Mesmo ap\u00f3s se afastar dos palcos, sua influ\u00eancia nunca diminuiu. Marcelo seguiu presente nos bastidores do esporte, atuando como jurado em importantes campeonatos, participando de revistas especializadas e se tornando uma figura essencial dentro das academias. Mas foi na consultoria atl\u00e9tica que ele encontrou uma nova miss\u00e3o:\u00a0<span style=\"font-weight: 600;\" data-start=\"1036\" data-end=\"1115\">compartilhar seu conhecimento com aqueles que desejam evoluir com prop\u00f3sito<\/span>. Rodeado de um time de especialistas e com uma metodologia pr\u00f3pria, Marcelo ajuda seus alunos a transformarem seus corpos e suas vidas por meio da muscula\u00e7\u00e3o.<\/p>\t\t\t\t\t\t\t\t<\/div>\n\t\t\t\t<\/div>\n\t\t\t\t<\/div>\n\t\t\t\t\t<\/div>\n\t\t\t\t<\/div>\n\t\t<div class=\"elementor-element elementor-element-2c1edf4 e-flex e-con-boxed e-con e-parent\" data-id=\"2c1edf4\" data-element_type=\"container\" data-e-type=\"container\">\n\t\t\t\t\t<div class=\"e-con-inner\">\n\t\t\t\t<div class=\"elementor-element elementor-element-f2a9300 elementor-widget elementor-widget-heading\" data-id=\"f2a9300\" data-element_type=\"widget\" data-e-type=\"widget\" data-widget_type=\"heading.default\">\n\t\t\t\t<div class=\"elementor-widget-container\">\n\t\t\t\t\t<h2 class=\"elementor-heading-title elementor-size-default\">O Cientista da Muscula\u00e7\u00e3o<\/h2>\t\t\t\t<\/div>\n\t\t\t\t<\/div>\n\t\t\t\t\t<\/div>\n\t\t\t\t<\/div>\n\t\t<div class=\"elementor-element elementor-element-95313a7 e-flex e-con-boxed e-con e-parent\" data-id=\"95313a7\" data-element_type=\"container\" data-e-type=\"container\">\n\t\t\t\t\t<div class=\"e-con-inner\">\n\t\t\t\t<div class=\"elementor-element elementor-element-53cc71b elementor-widget elementor-widget-text-editor\" data-id=\"53cc71b\" data-element_type=\"widget\" data-e-type=\"widget\" data-widget_type=\"text-editor.default\">\n\t\t\t\t<div class=\"elementor-widget-container\">\n\t\t\t\t\t\t\t\t\t<p data-start=\"187\" data-end=\"385\">Segundo a revista <em data-start=\"205\" data-end=\"213\">Tatame<\/em>, Marcelo de Paula foi intitulado como <strong data-start=\"252\" data-end=\"283\">&#8220;O Cientista da Muscula\u00e7\u00e3o&#8221;<\/strong>. Em 2004, entrou para a hist\u00f3ria como o <strong data-start=\"324\" data-end=\"384\">primeiro atleta IFBB PRO a se profissionalizar no Brasil<\/strong>.<\/p><p data-start=\"187\" data-end=\"385\"><span style=\"text-align: var(--text-align); color: var(--sydney-text-color);\">Durante sua carreira, atingiu impressionantes <\/span><strong style=\"text-align: var(--text-align); color: var(--sydney-text-color);\" data-start=\"433\" data-end=\"457\">148 kg em off-season<\/strong><span style=\"text-align: var(--text-align); color: var(--sydney-text-color);\">, com <\/span><strong style=\"text-align: var(--text-align); color: var(--sydney-text-color);\" data-start=\"463\" data-end=\"483\">1,78 m de altura<\/strong><span style=\"text-align: var(--text-align); color: var(--sydney-text-color);\">, sempre mantendo um padr\u00e3o de <\/span><strong style=\"text-align: var(--text-align); color: var(--sydney-text-color);\" data-start=\"514\" data-end=\"544\">qualidade muscular e sa\u00fade<\/strong><span style=\"text-align: var(--text-align); color: var(--sydney-text-color);\">. Em prepara\u00e7\u00e3o para campeonatos (pr\u00e9-contest), subia ao palco com <\/span><strong style=\"text-align: var(--text-align); color: var(--sydney-text-color);\" data-start=\"611\" data-end=\"621\">123 kg<\/strong><span style=\"text-align: var(--text-align); color: var(--sydney-text-color);\">, exibindo <\/span><strong style=\"text-align: var(--text-align); color: var(--sydney-text-color);\" data-start=\"632\" data-end=\"698\">simetria perfeita, alta densidade muscular e defini\u00e7\u00e3o extrema<\/strong><span style=\"text-align: var(--text-align); color: var(--sydney-text-color);\">.<\/span><\/p>\t\t\t\t\t\t\t\t<\/div>\n\t\t\t\t<\/div>\n\t\t\t\t\t<\/div>\n\t\t\t\t<\/div>\n\t\t<div class=\"elementor-element elementor-element-690911a e-flex e-con-boxed e-con e-parent\" data-id=\"690911a\" data-element_type=\"container\" data-e-type=\"container\">\n\t\t\t\t\t<div class=\"e-con-inner\">\n\t\t\t\t<div class=\"elementor-element elementor-element-5cab52f elementor-widget elementor-widget-heading\" data-id=\"5cab52f\" data-element_type=\"widget\" data-e-type=\"widget\" data-widget_type=\"heading.default\">\n\t\t\t\t<div class=\"elementor-widget-container\">\n\t\t\t\t\t<h2 class=\"elementor-heading-title elementor-size-default\">Um Legado no Bodybuilding<\/h2>\t\t\t\t<\/div>\n\t\t\t\t<\/div>\n\t\t\t\t\t<\/div>\n\t\t\t\t<\/div>\n\t\t<div class=\"elementor-element elementor-element-d768871 e-flex e-con-boxed e-con e-parent\" data-id=\"d768871\" data-element_type=\"container\" data-e-type=\"container\">\n\t\t\t\t\t<div class=\"e-con-inner\">\n\t\t\t\t<div class=\"elementor-element elementor-element-3fbbfdd elementor-widget elementor-widget-text-editor\" data-id=\"3fbbfdd\" data-element_type=\"widget\" data-e-type=\"widget\" data-widget_type=\"text-editor.default\">\n\t\t\t\t<div class=\"elementor-widget-container\">\n\t\t\t\t\t\t\t\t\t<p class=\"\" data-start=\"743\" data-end=\"1051\">Marcelo fez parte da ic\u00f4nica era das <strong data-start=\"780\" data-end=\"809\">grandes massas musculares<\/strong>, tornando-se um dos <strong data-start=\"830\" data-end=\"886\">maiores e mais respeitados fisiculturistas do Brasil<\/strong>. Estampou <strong data-start=\"897\" data-end=\"918\">capas de revistas<\/strong>, campanhas em <strong data-start=\"933\" data-end=\"955\">outdoors, busdoors<\/strong>, participou de <strong data-start=\"971\" data-end=\"990\">programas de TV<\/strong> e foi o rosto de diversos <strong data-start=\"1017\" data-end=\"1050\">r\u00f3tulos de produtos nacionais<\/strong>.<\/p><p>\u00a0<\/p><p class=\"\" data-start=\"1053\" data-end=\"1374\">Representou grandes marcas como <strong data-start=\"1085\" data-end=\"1109\">Midway (por 26 anos)<\/strong>, <strong data-start=\"1111\" data-end=\"1125\">Probi\u00f3tica<\/strong>, e tamb\u00e9m empresas internacionais de peso como <strong data-start=\"1173\" data-end=\"1180\">MLO<\/strong> e <strong data-start=\"1183\" data-end=\"1196\">Universal<\/strong>. No setor fitness, promoveu marcas de equipamentos como <strong data-start=\"1253\" data-end=\"1282\">Flex Equipments, Physicus<\/strong> e <strong data-start=\"1285\" data-end=\"1303\">Gervas Esporte<\/strong>, viajando o mundo como refer\u00eancia da excel\u00eancia brasileira no esporte.<\/p>\t\t\t\t\t\t\t\t<\/div>\n\t\t\t\t<\/div>\n\t\t\t\t\t<\/div>\n\t\t\t\t<\/div>\n\t\t<div class=\"elementor-element elementor-element-b632233 e-flex e-con-boxed e-con e-parent\" data-id=\"b632233\" data-element_type=\"container\" data-e-type=\"container\">\n\t\t\t\t\t<div class=\"e-con-inner\">\n\t\t\t\t<div class=\"elementor-element elementor-element-099e715 elementor-widget elementor-widget-heading\" data-id=\"099e715\" data-element_type=\"widget\" data-e-type=\"widget\" data-widget_type=\"heading.default\">\n\t\t\t\t<div class=\"elementor-widget-container\">\n\t\t\t\t\t<h2 class=\"elementor-heading-title elementor-size-default\">Empres\u00e1rio e Inovador<\/h2>\t\t\t\t<\/div>\n\t\t\t\t<\/div>\n\t\t\t\t\t<\/div>\n\t\t\t\t<\/div>\n\t\t<div class=\"elementor-element elementor-element-10aacab e-flex e-con-boxed e-con e-parent\" data-id=\"10aacab\" data-element_type=\"container\" data-e-type=\"container\">\n\t\t\t\t\t<div class=\"e-con-inner\">\n\t\t\t\t<div class=\"elementor-element elementor-element-1dc8b89 elementor-widget elementor-widget-text-editor\" data-id=\"1dc8b89\" data-element_type=\"widget\" data-e-type=\"widget\" data-widget_type=\"text-editor.default\">\n\t\t\t\t<div class=\"elementor-widget-container\">\n\t\t\t\t\t\t\t\t\t<p class=\"\" data-start=\"1414\" data-end=\"1576\">Hoje, Marcelo \u00e9 patrocinado pela marca internacional <strong data-start=\"1467\" data-end=\"1478\">Bad Boy<\/strong>, h\u00e1 <strong data-start=\"1483\" data-end=\"1494\">23 anos<\/strong>, sendo o <strong data-start=\"1504\" data-end=\"1575\">\u00fanico atleta de muscula\u00e7\u00e3o no mundo a ter esse patroc\u00ednio exclusivo<\/strong>.<\/p>\n<p class=\"\" data-start=\"1578\" data-end=\"1760\">\u00c9 tamb\u00e9m <strong data-start=\"1587\" data-end=\"1652\">empres\u00e1rio e fundador do Centro de Treinamento Power Training<\/strong>, uma das maiores academias do Brasil, com <strong data-start=\"1695\" data-end=\"1730\">mais de 140 m\u00e1quinas importadas<\/strong>, de <strong data-start=\"1735\" data-end=\"1759\">18 marcas diferentes<\/strong>.<\/p><p class=\"\" data-start=\"1578\" data-end=\"1760\"><span style=\"text-align: var(--text-align); color: var(--sydney-text-color);\">Sua \u00faltima grande conquista foi o <\/span><strong data-start=\"1796\" data-end=\"1854\" style=\"text-align: var(--text-align); color: var(--sydney-text-color);\">lan\u00e7amento da pr\u00f3pria linha de suplementos alimentares<\/strong><span style=\"text-align: var(--text-align); color: var(--sydney-text-color);\">, tornando-se o <\/span><strong data-start=\"1870\" data-end=\"1955\" style=\"text-align: var(--text-align); color: var(--sydney-text-color);\">primeiro atleta profissional brasileiro de bodybuilding a criar uma marca pr\u00f3pria<\/strong><span style=\"text-align: var(--text-align); color: var(--sydney-text-color);\">, com produtos desenvolvidos para <\/span><strong data-start=\"1989\" data-end=\"2038\" style=\"text-align: var(--text-align); color: var(--sydney-text-color);\">atletas exigentes que buscam performance real<\/strong><span style=\"text-align: var(--text-align); color: var(--sydney-text-color);\">.<\/span><\/p>\t\t\t\t\t\t\t\t<\/div>\n\t\t\t\t<\/div>\n\t\t\t\t\t<\/div>\n\t\t\t\t<\/div>\n\t\t\t\t<\/div>\n\t\t","protected":false},"excerpt":{"rendered":"<p>CONHE\u00c7A MAIS SOBRE MARCELO DE PAULA Marcelo de Paula \u00e9 uma lenda viva do fisiculturismo brasileiro.\u00a0Sua presen\u00e7a marcante nos palcos\u00a0chama a aten\u00e7\u00e3o [&hellip;]<\/p>\n","protected":false},"author":1,"featured_media":0,"parent":0,"menu_order":0,"comment_status":"closed","ping_status":"closed","template":"","meta":{"footnotes":""},"class_list":["post-318","page","type-page","status-publish","hentry"],"_links":{"self":[{"href":"https:\/\/mdpsportnutrition.com.br\/index.php?rest_route=\/wp\/v2\/pages\/318","targetHints":{"allow":["GET"]}}],"collection":[{"href":"https:\/\/mdpsportnutrition.com.br\/index.php?rest_route=\/wp\/v2\/pages"}],"about":[{"href":"https:\/\/mdpsportnutrition.com.br\/index.php?rest_route=\/wp\/v2\/types\/page"}],"author":[{"embeddable":true,"href":"https:\/\/mdpsportnutrition.com.br\/index.php?rest_route=\/wp\/v2\/users\/1"}],"replies":[{"embeddable":true,"href":"https:\/\/mdpsportnutrition.com.br\/index.php?rest_route=%2Fwp%2Fv2%2Fcomments&post=318"}],"version-history":[{"count":4,"href":"https:\/\/mdpsportnutrition.com.br\/index.php?rest_route=\/wp\/v2\/pages\/318\/revisions"}],"predecessor-version":[{"id":332,"href":"https:\/\/mdpsportnutrition.com.br\/index.php?rest_route=\/wp\/v2\/pages\/318\/revisions\/332"}],"wp:attachment":[{"href":"https:\/\/mdpsportnutrition.com.br\/index.php?rest_route=%2Fwp%2Fv2%2Fmedia&parent=318"}],"curies":[{"name":"wp","href":"https:\/\/api.w.org\/{rel}","templated":true}]}}